{"id":56,"date":"2026-03-16T14:53:54","date_gmt":"2026-03-16T12:53:54","guid":{"rendered":"https:\/\/hrforum.fi\/?page_id=56"},"modified":"2026-04-14T09:47:48","modified_gmt":"2026-04-14T06:47:48","slug":"puhujat","status":"publish","type":"page","link":"https:\/\/hrforum.fi\/?page_id=56","title":{"rendered":"Puhujat"},"content":{"rendered":"\t\t<div data-elementor-type=\"wp-page\" data-elementor-id=\"56\" class=\"elementor elementor-56\">\n\t\t\t\t<div class=\"elementor-element elementor-element-855130d e-flex e-con-boxed e-con e-parent\" data-id=\"855130d\" data-element_type=\"container\" data-e-type=\"container\">\n\t\t\t\t\t<div class=\"e-con-inner\">\n\t\t<div class=\"elementor-element elementor-element-d918a02 e-grid e-con-full e-con e-child\" data-id=\"d918a02\" data-element_type=\"container\" data-e-type=\"container\">\n\t\t\t\t<div class=\"elementor-element elementor-element-31dea98 elementor-widget elementor-widget-image\" data-id=\"31dea98\" data-element_type=\"widget\" data-e-type=\"widget\" data-widget_type=\"image.default\">\n\t\t\t\t\t\t\t\t\t\t\t\t\t\t\t\t<a href=\"https:\/\/speakersfactory.fi\/esiintyjat-ja-ohjelma\/lorenz-lore-backman\/\">\n\t\t\t\t\t\t\t<img fetchpriority=\"high\" decoding=\"async\" width=\"960\" height=\"854\" src=\"https:\/\/hrforum.fi\/wp-content\/uploads\/2026\/03\/https___speakersfactory.fi_wp-content_uploads_2023_01_lorenz_backman_kp13-scaled-e1730816687179-1024x911.jpg\" class=\"attachment-large size-large wp-image-147\" alt=\"\" srcset=\"https:\/\/hrforum.fi\/wp-content\/uploads\/2026\/03\/https___speakersfactory.fi_wp-content_uploads_2023_01_lorenz_backman_kp13-scaled-e1730816687179-1024x911.jpg 1024w, https:\/\/hrforum.fi\/wp-content\/uploads\/2026\/03\/https___speakersfactory.fi_wp-content_uploads_2023_01_lorenz_backman_kp13-scaled-e1730816687179-300x267.jpg 300w, https:\/\/hrforum.fi\/wp-content\/uploads\/2026\/03\/https___speakersfactory.fi_wp-content_uploads_2023_01_lorenz_backman_kp13-scaled-e1730816687179-768x683.jpg 768w, https:\/\/hrforum.fi\/wp-content\/uploads\/2026\/03\/https___speakersfactory.fi_wp-content_uploads_2023_01_lorenz_backman_kp13-scaled-e1730816687179-1536x1366.jpg 1536w, https:\/\/hrforum.fi\/wp-content\/uploads\/2026\/03\/https___speakersfactory.fi_wp-content_uploads_2023_01_lorenz_backman_kp13-scaled-e1730816687179-1140x1014.jpg 1140w, https:\/\/hrforum.fi\/wp-content\/uploads\/2026\/03\/https___speakersfactory.fi_wp-content_uploads_2023_01_lorenz_backman_kp13-scaled-e1730816687179.jpg 1702w\" sizes=\"(max-width: 960px) 100vw, 960px\" \/>\t\t\t\t\t\t\t\t<\/a>\n\t\t\t\t\t\t\t\t\t\t\t\t\t\t\t<\/div>\n\t\t<div class=\"elementor-element elementor-element-1b62f30 e-grid e-con-full e-con e-child\" data-id=\"1b62f30\" data-element_type=\"container\" data-e-type=\"container\">\n\t\t\t\t<div class=\"elementor-element elementor-element-286995f elementor-widget elementor-widget-heading\" data-id=\"286995f\" data-element_type=\"widget\" data-e-type=\"widget\" data-widget_type=\"heading.default\">\n\t\t\t\t\t<h2 class=\"elementor-heading-title elementor-size-default\">Tapahtuman juontaja:\nLorenz \"Lore\" Backman<\/h2>\t\t\t\t<\/div>\n\t\t\t\t<\/div>\n\t\t\t\t<\/div>\n\t\t\t\t\t<\/div>\n\t\t\t\t<\/div>\n\t\t<div class=\"elementor-element elementor-element-7f57097 e-flex e-con-boxed e-con e-parent\" data-id=\"7f57097\" data-element_type=\"container\" data-e-type=\"container\">\n\t\t\t\t\t<div class=\"e-con-inner\">\n\t\t<div class=\"elementor-element elementor-element-be60318 e-grid e-con-full e-con e-child\" data-id=\"be60318\" data-element_type=\"container\" data-e-type=\"container\">\n\t\t\t\t<div class=\"elementor-element elementor-element-f871c57 elementor-widget elementor-widget-image\" data-id=\"f871c57\" data-element_type=\"widget\" data-e-type=\"widget\" data-widget_type=\"image.default\">\n\t\t\t\t\t\t\t\t\t\t\t\t\t\t\t<img decoding=\"async\" width=\"960\" height=\"869\" src=\"https:\/\/hrforum.fi\/wp-content\/uploads\/2026\/03\/Riku-Rantala-6271-Kuva-Iconic-Creative-Oy-Arkisto-Speakersforum-1024x927.jpg\" class=\"attachment-large size-large wp-image-148\" alt=\"\" srcset=\"https:\/\/hrforum.fi\/wp-content\/uploads\/2026\/03\/Riku-Rantala-6271-Kuva-Iconic-Creative-Oy-Arkisto-Speakersforum-1024x927.jpg 1024w, https:\/\/hrforum.fi\/wp-content\/uploads\/2026\/03\/Riku-Rantala-6271-Kuva-Iconic-Creative-Oy-Arkisto-Speakersforum-300x272.jpg 300w, https:\/\/hrforum.fi\/wp-content\/uploads\/2026\/03\/Riku-Rantala-6271-Kuva-Iconic-Creative-Oy-Arkisto-Speakersforum-768x695.jpg 768w, https:\/\/hrforum.fi\/wp-content\/uploads\/2026\/03\/Riku-Rantala-6271-Kuva-Iconic-Creative-Oy-Arkisto-Speakersforum-1536x1390.jpg 1536w, https:\/\/hrforum.fi\/wp-content\/uploads\/2026\/03\/Riku-Rantala-6271-Kuva-Iconic-Creative-Oy-Arkisto-Speakersforum-2048x1854.jpg 2048w, https:\/\/hrforum.fi\/wp-content\/uploads\/2026\/03\/Riku-Rantala-6271-Kuva-Iconic-Creative-Oy-Arkisto-Speakersforum-1140x1032.jpg 1140w\" sizes=\"(max-width: 960px) 100vw, 960px\" \/>\t\t\t\t\t\t\t\t\t\t\t\t\t\t\t<\/div>\n\t\t<div class=\"elementor-element elementor-element-c465230 e-con-full e-flex e-con e-child\" data-id=\"c465230\" data-element_type=\"container\" data-e-type=\"container\">\n\t\t\t\t<div class=\"elementor-element elementor-element-e3e489e elementor-widget elementor-widget-heading\" data-id=\"e3e489e\" data-element_type=\"widget\" data-e-type=\"widget\" data-widget_type=\"heading.default\">\n\t\t\t\t\t<h2 class=\"elementor-heading-title elementor-size-default\">Riku Rantala<\/h2>\t\t\t\t<\/div>\n\t\t\t\t<div class=\"elementor-element elementor-element-74d6aa7 elementor-widget elementor-widget-text-editor\" data-id=\"74d6aa7\" data-element_type=\"widget\" data-e-type=\"widget\" data-widget_type=\"text-editor.default\">\n\t\t\t\t\t\t\t\t\t<h4><strong>Urapolkuja ravisteleva puhuja<\/strong><\/h4><div>Riku Rantala on karismaattinen puhuja, joka k\u00e4sittelee urapolkuja rohkeasti ja ennakkoluulottomasti omien ep\u00e4tavallisten kokemustensa kautta. H\u00e4n n\u00e4ytt\u00e4\u00e4, miten ura voi rakentua mutkitellen, uteliaisuuden ja rohkeiden valintojen kautta. Rantalan puhe yhdist\u00e4\u00e4 syv\u00e4llisen sis\u00e4ll\u00f6n, tarinallisuuden ja huumorin tavalla, joka inspiroi n\u00e4kem\u00e4\u00e4n omassa urassa uusia mahdollisuuksia.<\/div>\t\t\t\t\t\t\t\t<\/div>\n\t\t\t\t<\/div>\n\t\t\t\t<\/div>\n\t\t\t\t\t<\/div>\n\t\t\t\t<\/div>\n\t\t<div class=\"elementor-element elementor-element-5dc3f08 e-flex e-con-boxed e-con e-parent\" data-id=\"5dc3f08\" data-element_type=\"container\" data-e-type=\"container\">\n\t\t\t\t\t<div class=\"e-con-inner\">\n\t\t<div class=\"elementor-element elementor-element-b2f0bb7 e-grid e-con-full e-con e-child\" data-id=\"b2f0bb7\" data-element_type=\"container\" data-e-type=\"container\">\n\t\t\t\t<div class=\"elementor-element elementor-element-24c6559 elementor-widget elementor-widget-image\" data-id=\"24c6559\" data-element_type=\"widget\" data-e-type=\"widget\" data-widget_type=\"image.default\">\n\t\t\t\t\t\t\t\t\t\t\t\t\t\t\t\t<a href=\"https:\/\/speakersfactory.fi\/esiintyjat-ja-ohjelma\/timo-savolainen\/\">\n\t\t\t\t\t\t\t<img decoding=\"async\" width=\"960\" height=\"674\" src=\"https:\/\/hrforum.fi\/wp-content\/uploads\/2026\/03\/https___speakersfactory.fi_wp-content_uploads_2024_11_Timo-Savolainen-1-1024x719.jpg\" class=\"attachment-large size-large wp-image-149\" alt=\"\" srcset=\"https:\/\/hrforum.fi\/wp-content\/uploads\/2026\/03\/https___speakersfactory.fi_wp-content_uploads_2024_11_Timo-Savolainen-1-1024x719.jpg 1024w, https:\/\/hrforum.fi\/wp-content\/uploads\/2026\/03\/https___speakersfactory.fi_wp-content_uploads_2024_11_Timo-Savolainen-1-300x211.jpg 300w, https:\/\/hrforum.fi\/wp-content\/uploads\/2026\/03\/https___speakersfactory.fi_wp-content_uploads_2024_11_Timo-Savolainen-1-768x540.jpg 768w, https:\/\/hrforum.fi\/wp-content\/uploads\/2026\/03\/https___speakersfactory.fi_wp-content_uploads_2024_11_Timo-Savolainen-1-1536x1079.jpg 1536w, https:\/\/hrforum.fi\/wp-content\/uploads\/2026\/03\/https___speakersfactory.fi_wp-content_uploads_2024_11_Timo-Savolainen-1-1140x801.jpg 1140w, https:\/\/hrforum.fi\/wp-content\/uploads\/2026\/03\/https___speakersfactory.fi_wp-content_uploads_2024_11_Timo-Savolainen-1.jpg 1752w\" sizes=\"(max-width: 960px) 100vw, 960px\" \/>\t\t\t\t\t\t\t\t<\/a>\n\t\t\t\t\t\t\t\t\t\t\t\t\t\t\t<\/div>\n\t\t<div class=\"elementor-element elementor-element-ddc23f1 e-grid e-con-full e-con e-child\" data-id=\"ddc23f1\" data-element_type=\"container\" data-e-type=\"container\">\n\t\t\t\t<div class=\"elementor-element elementor-element-7162c18 elementor-widget elementor-widget-heading\" data-id=\"7162c18\" data-element_type=\"widget\" data-e-type=\"widget\" data-widget_type=\"heading.default\">\n\t\t\t\t\t<h2 class=\"elementor-heading-title elementor-size-default\">Timo Savolainen<\/h2>\t\t\t\t<\/div>\n\t\t\t\t<div class=\"elementor-element elementor-element-dd1ded6 elementor-widget elementor-widget-text-editor\" data-id=\"dd1ded6\" data-element_type=\"widget\" data-e-type=\"widget\" data-widget_type=\"text-editor.default\">\n\t\t\t\t\t\t\t\t\t<h4><strong>Yksi Suomen johtavista AI\u2011strategisteista<\/strong><\/h4><div>Timo Savolaisen uusin teoksensa <em>Teko\u00e4lyll\u00e4 kilpailuetua<\/em> on saanut erinomaisen vastaanoton liike-el\u00e4m\u00e4n ja p\u00e4\u00e4tt\u00e4jien keskuudessa. Savolainen toimii AI\u2011oppaana yritysten ja julkisten organisaatioiden ylimm\u00e4lle johdolle, auttaen rakentamaan strategista teko\u00e4lykyvykkyytt\u00e4 l\u00e4hes 20 vuoden digitaalisen transformaation kokemuksella. H\u00e4nen puheenvuoronsa yhdist\u00e4v\u00e4t ter\u00e4v\u00e4n liiketoiminta-analyysin, konkreettiset esimerkit ja rohkeat n\u00e4kemykset siit\u00e4, miten teko\u00e4ly mullistaa johtamisen, kilpailun ja osaamisen \u2013 ja miksi kyse ei ole teknologiasta vaan ennen kaikkea johtamishaasteesta.<\/div>\t\t\t\t\t\t\t\t<\/div>\n\t\t\t\t<\/div>\n\t\t\t\t<\/div>\n\t\t\t\t\t<\/div>\n\t\t\t\t<\/div>\n\t\t<div class=\"elementor-element elementor-element-6bfd4a7 e-flex e-con-boxed e-con e-parent\" data-id=\"6bfd4a7\" data-element_type=\"container\" data-e-type=\"container\">\n\t\t\t\t\t<div class=\"e-con-inner\">\n\t\t<div class=\"elementor-element elementor-element-9dd5cad e-grid e-con-full e-con e-child\" data-id=\"9dd5cad\" data-element_type=\"container\" data-e-type=\"container\">\n\t\t\t\t<div class=\"elementor-element elementor-element-fb6379e elementor-widget elementor-widget-image\" data-id=\"fb6379e\" data-element_type=\"widget\" data-e-type=\"widget\" data-widget_type=\"image.default\">\n\t\t\t\t\t\t\t\t\t\t\t\t\t\t\t<img loading=\"lazy\" decoding=\"async\" width=\"960\" height=\"640\" src=\"https:\/\/hrforum.fi\/wp-content\/uploads\/2026\/04\/Epi-JPG_Mikaela-Oberg-2-rajattu-tyoelakeyhtio-Varma-1024x683.jpg\" class=\"attachment-large size-large wp-image-216\" alt=\"\" srcset=\"https:\/\/hrforum.fi\/wp-content\/uploads\/2026\/04\/Epi-JPG_Mikaela-Oberg-2-rajattu-tyoelakeyhtio-Varma-1024x683.jpg 1024w, https:\/\/hrforum.fi\/wp-content\/uploads\/2026\/04\/Epi-JPG_Mikaela-Oberg-2-rajattu-tyoelakeyhtio-Varma-300x200.jpg 300w, https:\/\/hrforum.fi\/wp-content\/uploads\/2026\/04\/Epi-JPG_Mikaela-Oberg-2-rajattu-tyoelakeyhtio-Varma-768x512.jpg 768w, https:\/\/hrforum.fi\/wp-content\/uploads\/2026\/04\/Epi-JPG_Mikaela-Oberg-2-rajattu-tyoelakeyhtio-Varma-1536x1024.jpg 1536w, https:\/\/hrforum.fi\/wp-content\/uploads\/2026\/04\/Epi-JPG_Mikaela-Oberg-2-rajattu-tyoelakeyhtio-Varma-1140x760.jpg 1140w, https:\/\/hrforum.fi\/wp-content\/uploads\/2026\/04\/Epi-JPG_Mikaela-Oberg-2-rajattu-tyoelakeyhtio-Varma.jpg 1920w\" sizes=\"(max-width: 960px) 100vw, 960px\" \/>\t\t\t\t\t\t\t\t\t\t\t\t\t\t\t<\/div>\n\t\t<div class=\"elementor-element elementor-element-5e10580 e-grid e-con-full e-con e-child\" data-id=\"5e10580\" data-element_type=\"container\" data-e-type=\"container\">\n\t\t\t\t<div class=\"elementor-element elementor-element-ecafe6d elementor-widget elementor-widget-heading\" data-id=\"ecafe6d\" data-element_type=\"widget\" data-e-type=\"widget\" data-widget_type=\"heading.default\">\n\t\t\t\t\t<h2 class=\"elementor-heading-title elementor-size-default\">Mikaela \u00d6berg<\/h2>\t\t\t\t<\/div>\n\t\t\t\t<div class=\"elementor-element elementor-element-0734c8e elementor-widget elementor-widget-text-editor\" data-id=\"0734c8e\" data-element_type=\"widget\" data-e-type=\"widget\" data-widget_type=\"text-editor.default\">\n\t\t\t\t\t\t\t\t\t<h4><strong>Johtamisen ja organisaatioiden uudistaja<\/strong><\/h4><p><span data-olk-copy-source=\"MessageBody\">Mikaela \u00d6berg on ty\u00f6uransa aikana ty\u00f6skennellyt johtamis- ja kehitt\u00e4misteht\u00e4viss\u00e4 henkil\u00f6st\u00f6n, organisaatioiden ja liiketoiminnan uudistamisen parissa. H\u00e4n toimii Varmassa ihmiset ja organisaatio -toiminnon kehitt\u00e4misest\u00e4 vastaavana johtajana. Mikaelan keskeisi\u00e4 kiinnostuksen kohteita ovat teko\u00e4lyn ja datan hy\u00f6dynt\u00e4minen organisaatioiden ja johtamisen uudistamisessa, osaamisen ja oppimisen kehitt\u00e4minen sek\u00e4 kulttuurin muutos ty\u00f6el\u00e4m\u00e4n murroksessa. Ty\u00f6n ulkopuolella h\u00e4n harrastaa liikuntaa ja ratsastusta sek\u00e4 kehitt\u00e4\u00e4 aktiivisesti omia vapaa-ajan projektejaan.<\/span><\/p>\t\t\t\t\t\t\t\t<\/div>\n\t\t\t\t<\/div>\n\t\t\t\t<\/div>\n\t\t\t\t\t<\/div>\n\t\t\t\t<\/div>\n\t\t\t\t<\/div>\n\t\t","protected":false},"excerpt":{"rendered":"<p>Tapahtuman juontaja: Lorenz &#8221;Lore&#8221; Backman Riku Rantala Urapolkuja ravisteleva puhuja Riku Rantala on karismaattinen puhuja, joka k\u00e4sittelee urapolkuja rohkeasti ja ennakkoluulottomasti omien ep\u00e4tavallisten kokemustensa kautta. H\u00e4n n\u00e4ytt\u00e4\u00e4, miten ura voi rakentua mutkitellen, uteliaisuuden ja rohkeiden valintojen kautta. Rantalan puhe yhdist\u00e4\u00e4 syv\u00e4llisen sis\u00e4ll\u00f6n, tarinallisuuden ja huumorin tavalla, joka inspiroi n\u00e4kem\u00e4\u00e4n omassa urassa uusia mahdollisuuksia. Timo Savolainen Yksi Suomen johtavista AI\u2011strategisteista Timo Savolaisen uusin teoksensa Teko\u00e4lyll\u00e4 kilpailuetua on saanut erinomaisen vastaanoton liike-el\u00e4m\u00e4n ja p\u00e4\u00e4tt\u00e4jien keskuudessa. Savolainen toimii AI\u2011oppaana yritysten ja julkisten organisaatioiden ylimm\u00e4lle johdolle, auttaen rakentamaan strategista teko\u00e4lykyvykkyytt\u00e4 l\u00e4hes 20 vuoden digitaalisen transformaation kokemuksella. H\u00e4nen puheenvuoronsa yhdist\u00e4v\u00e4t ter\u00e4v\u00e4n liiketoiminta-analyysin, konkreettiset esimerkit ja rohkeat n\u00e4kemykset siit\u00e4, miten teko\u00e4ly mullistaa johtamisen, kilpailun ja osaamisen \u2013 ja miksi kyse ei ole teknologiasta vaan ennen kaikkea johtamishaasteesta. Mikaela \u00d6berg Johtamisen ja organisaatioiden uudistaja Mikaela \u00d6berg on ty\u00f6uransa aikana ty\u00f6skennellyt johtamis- ja kehitt\u00e4misteht\u00e4viss\u00e4 henkil\u00f6st\u00f6n, organisaatioiden ja liiketoiminnan uudistamisen parissa. H\u00e4n toimii Varmassa ihmiset ja organisaatio -toiminnon kehitt\u00e4misest\u00e4 vastaavana johtajana. Mikaelan keskeisi\u00e4 kiinnostuksen kohteita ovat teko\u00e4lyn ja datan hy\u00f6dynt\u00e4minen organisaatioiden ja johtamisen uudistamisessa, osaamisen ja oppimisen kehitt\u00e4minen sek\u00e4 kulttuurin muutos ty\u00f6el\u00e4m\u00e4n murroksessa. Ty\u00f6n ulkopuolella h\u00e4n harrastaa liikuntaa ja ratsastusta sek\u00e4 kehitt\u00e4\u00e4 aktiivisesti omia vapaa-ajan projektejaan.<\/p>\n","protected":false},"author":3,"featured_media":0,"parent":0,"menu_order":0,"comment_status":"closed","ping_status":"closed","template":"","meta":{"footnotes":""},"class_list":["post-56","page","type-page","status-publish","hentry"],"_links":{"self":[{"href":"https:\/\/hrforum.fi\/index.php?rest_route=\/wp\/v2\/pages\/56","targetHints":{"allow":["GET"]}}],"collection":[{"href":"https:\/\/hrforum.fi\/index.php?rest_route=\/wp\/v2\/pages"}],"about":[{"href":"https:\/\/hrforum.fi\/index.php?rest_route=\/wp\/v2\/types\/page"}],"author":[{"embeddable":true,"href":"https:\/\/hrforum.fi\/index.php?rest_route=\/wp\/v2\/users\/3"}],"replies":[{"embeddable":true,"href":"https:\/\/hrforum.fi\/index.php?rest_route=%2Fwp%2Fv2%2Fcomments&post=56"}],"version-history":[{"count":5,"href":"https:\/\/hrforum.fi\/index.php?rest_route=\/wp\/v2\/pages\/56\/revisions"}],"predecessor-version":[{"id":225,"href":"https:\/\/hrforum.fi\/index.php?rest_route=\/wp\/v2\/pages\/56\/revisions\/225"}],"wp:attachment":[{"href":"https:\/\/hrforum.fi\/index.php?rest_route=%2Fwp%2Fv2%2Fmedia&parent=56"}],"curies":[{"name":"wp","href":"https:\/\/api.w.org\/{rel}","templated":true}]}}