{"id":179,"date":"2026-03-31T10:13:19","date_gmt":"2026-03-31T07:13:19","guid":{"rendered":"https:\/\/hrforum.fi\/?page_id=179"},"modified":"2026-04-16T11:09:52","modified_gmt":"2026-04-16T08:09:52","slug":"tapahtumakumppaniksi","status":"publish","type":"page","link":"https:\/\/hrforum.fi\/?page_id=179","title":{"rendered":"Tapahtumakumppaniksi"},"content":{"rendered":"\t\t<div data-elementor-type=\"wp-page\" data-elementor-id=\"179\" class=\"elementor elementor-179\">\n\t\t\t\t<div class=\"elementor-element elementor-element-177610f e-grid e-con-full e-con e-parent\" data-id=\"177610f\" data-element_type=\"container\" data-e-type=\"container\">\n\t\t\t\t<div class=\"elementor-element elementor-element-f95933f elementor-widget elementor-widget-text-editor\" data-id=\"f95933f\" data-element_type=\"widget\" data-e-type=\"widget\" data-widget_type=\"text-editor.default\">\n\t\t\t\t\t\t\t\t\t<h3>Tapahtumakumppani<\/h3><ul><li>Lippupaketti HR Forum 10kpl<\/li><li>Messustandi Verkatehtaalla<\/li><li>Logon\u00e4kyvyys tapahtuman materiaaleissa mm. screenill\u00e4 (oma kategoria)<\/li><li>Logon\u00e4kyvyys tapahtuman s\u00e4hk\u00f6postisuorassa ja *sis\u00e4lt\u00f6 nosto<\/li><li>Kumppanin esittely ja ajankohtaisen sis\u00e4ll\u00f6n *nosto HR Forum LinkedIniss\u00e4 (2 p\u00e4ivityst\u00e4)<\/li><li>Liidikeruu tapahtuman onnistumiskyselyss\u00e4 (Lyyti)<\/li><\/ul>\t\t\t\t\t\t\t\t<\/div>\n\t\t\t\t<div class=\"elementor-element elementor-element-1c924c1 elementor-widget elementor-widget-text-editor\" data-id=\"1c924c1\" data-element_type=\"widget\" data-e-type=\"widget\" data-widget_type=\"text-editor.default\">\n\t\t\t\t\t\t\t\t\t<h3>Sis\u00e4lt\u00f6kumppani<\/h3><ul><li>Lippupaketti HR Forum 8kpl<\/li><li>Logon\u00e4kyvyys tapahtuman materiaaleissa mm. screenill\u00e4 (oma kategoria)<\/li><li>Logon\u00e4kyvyys tapahtuman s\u00e4hk\u00f6postisuorassa<\/li><li>Kumppanin esittely HR Forum LinkedIniss\u00e4 (1 p\u00e4ivitys)<\/li><li>Liidikeruu tapahtuman onnistumiskyselyss\u00e4 (Lyyti)<\/li><\/ul>\t\t\t\t\t\t\t\t<\/div>\n\t\t\t\t<div class=\"elementor-element elementor-element-c17d924 elementor-widget elementor-widget-text-editor\" data-id=\"c17d924\" data-element_type=\"widget\" data-e-type=\"widget\" data-widget_type=\"text-editor.default\">\n\t\t\t\t\t\t\t\t\t<h3>N\u00e4kyvyyskumppani<\/h3><ul><li>Lippupaketti HR Forum 2kpl<\/li><li>Sis\u00e4lt\u00f6nosto tapahtuman s\u00e4hk\u00f6postisuorassa<\/li><li>Kumppanin esittely ja ajankohtaisen sis\u00e4ll\u00f6n nosto HR Forum LinkedIniss\u00e4 (2 p\u00e4ivityst\u00e4, yksi ennen tapahtumaa ja toinen j\u00e4lkeen)<\/li><li>Liidikeruu tapahtuman onnistumiskyselyss\u00e4 (Lyyti)<\/li><\/ul>\t\t\t\t\t\t\t\t<\/div>\n\t\t\t\t<\/div>\n\t\t\t\t<\/div>\n\t\t","protected":false},"excerpt":{"rendered":"<p>Tapahtumakumppani Lippupaketti HR Forum 10kpl Messustandi Verkatehtaalla Logon\u00e4kyvyys tapahtuman materiaaleissa mm. screenill\u00e4 (oma kategoria) Logon\u00e4kyvyys tapahtuman s\u00e4hk\u00f6postisuorassa ja *sis\u00e4lt\u00f6 nosto Kumppanin esittely ja ajankohtaisen sis\u00e4ll\u00f6n *nosto HR Forum LinkedIniss\u00e4 (2 p\u00e4ivityst\u00e4) Liidikeruu tapahtuman onnistumiskyselyss\u00e4 (Lyyti) Sis\u00e4lt\u00f6kumppani Lippupaketti HR Forum 8kpl Logon\u00e4kyvyys tapahtuman materiaaleissa mm. screenill\u00e4 (oma kategoria) Logon\u00e4kyvyys tapahtuman s\u00e4hk\u00f6postisuorassa Kumppanin esittely HR Forum LinkedIniss\u00e4 (1 p\u00e4ivitys) Liidikeruu tapahtuman onnistumiskyselyss\u00e4 (Lyyti) N\u00e4kyvyyskumppani Lippupaketti HR Forum 2kpl Sis\u00e4lt\u00f6nosto tapahtuman s\u00e4hk\u00f6postisuorassa Kumppanin esittely ja ajankohtaisen sis\u00e4ll\u00f6n nosto HR Forum LinkedIniss\u00e4 (2 p\u00e4ivityst\u00e4, yksi ennen tapahtumaa ja toinen j\u00e4lkeen) Liidikeruu tapahtuman onnistumiskyselyss\u00e4 (Lyyti)<\/p>\n","protected":false},"author":3,"featured_media":0,"parent":0,"menu_order":0,"comment_status":"closed","ping_status":"closed","template":"","meta":{"footnotes":""},"class_list":["post-179","page","type-page","status-publish","hentry"],"_links":{"self":[{"href":"https:\/\/hrforum.fi\/index.php?rest_route=\/wp\/v2\/pages\/179","targetHints":{"allow":["GET"]}}],"collection":[{"href":"https:\/\/hrforum.fi\/index.php?rest_route=\/wp\/v2\/pages"}],"about":[{"href":"https:\/\/hrforum.fi\/index.php?rest_route=\/wp\/v2\/types\/page"}],"author":[{"embeddable":true,"href":"https:\/\/hrforum.fi\/index.php?rest_route=\/wp\/v2\/users\/3"}],"replies":[{"embeddable":true,"href":"https:\/\/hrforum.fi\/index.php?rest_route=%2Fwp%2Fv2%2Fcomments&post=179"}],"version-history":[{"count":5,"href":"https:\/\/hrforum.fi\/index.php?rest_route=\/wp\/v2\/pages\/179\/revisions"}],"predecessor-version":[{"id":253,"href":"https:\/\/hrforum.fi\/index.php?rest_route=\/wp\/v2\/pages\/179\/revisions\/253"}],"wp:attachment":[{"href":"https:\/\/hrforum.fi\/index.php?rest_route=%2Fwp%2Fv2%2Fmedia&parent=179"}],"curies":[{"name":"wp","href":"https:\/\/api.w.org\/{rel}","templated":true}]}}